{"id":312,"date":"2012-09-08T20:04:40","date_gmt":"2012-09-08T18:04:40","guid":{"rendered":"http:\/\/www.unicoda.com\/?page_id=312"},"modified":"2025-03-31T15:40:54","modified_gmt":"2025-03-31T13:40:54","slug":"a-propos","status":"publish","type":"page","link":"https:\/\/www.unicoda.com\/?page_id=312","title":{"rendered":"\u00c0 propos"},"content":{"rendered":"\n<h2 class=\"wp-block-heading\">Qui sommes-nous ?<\/h2>\n\n\n\n<h5 class=\"wp-block-heading has-text-align-left\">Victor<\/h5>\n\n\n\n<div class=\"wp-block-media-text alignwide\" style=\"grid-template-columns:40% auto\"><figure class=\"wp-block-media-text__media\"><img loading=\"lazy\" decoding=\"async\" width=\"574\" height=\"588\" src=\"http:\/\/www.unicoda.com\/wp-content\/uploads\/2019\/04\/franceIndoor.png\" alt=\"\" class=\"wp-image-3527 size-full\" srcset=\"https:\/\/www.unicoda.com\/wp-content\/uploads\/2019\/04\/franceIndoor.png 574w, https:\/\/www.unicoda.com\/wp-content\/uploads\/2019\/04\/franceIndoor-293x300.png 293w\" sizes=\"auto, (max-width: 574px) 85vw, 574px\" \/><\/figure><div class=\"wp-block-media-text__content\">\n<p>Ing\u00e9nieur informaticien de formation et de m\u00e9tier, dipl\u00f4m\u00e9 de l&rsquo;Universit\u00e9 de Technologie de Belfort-Montb\u00e9liard (UTBM). J&rsquo;administre ce serveur et son domaine; et roule \u00e0 roller \u00e0 toutes heures du jour et de la nuit.<\/p>\n\n\n\n<p>Github: <a href=\"https:\/\/github.com\/vvision\">vvision <\/a><\/p>\n<\/div><\/div>\n\n\n\n<h5 class=\"wp-block-heading\">Mathieu<\/h5>\n\n\n\n<div class=\"wp-block-media-text alignwide has-media-on-the-right\" style=\"grid-template-columns:auto 30%\"><div class=\"wp-block-media-text__content\">\n<p>Passionn\u00e9 par la technologie, la technique et l&rsquo;art. Et par bien d&rsquo;autres choses. J&rsquo;ai choisi un parcours tr\u00e8s technique d\u00e8s que possible en int\u00e9grant le Lyc\u00e9e Louis Couffignal de Strasbourg en seconde g\u00e9n\u00e9rale option Informatique Appliqu\u00e9 aux Math\u00e9matiques (IAM). Le bac option science de l&rsquo;ing\u00e9nieur acquis je me suis orient\u00e9 vers la technique en pr\u00e9parant un DUT Informatique g\u00e9n\u00e9raliste \u00e0 l&rsquo;Institut  Universitaire Technologique Robert Schuman \u00e0 Illkirch. Puis sentant le  besoin de me rendre utile j&rsquo;ai int\u00e9gr\u00e9 l&rsquo;Universit\u00e9 de Technologie de Belfort-Montb\u00e9liard (UTBM) en apprentissage o\u00f9 j&rsquo;ai pr\u00e9par\u00e9 et obtenu un dipl\u00f4me d&rsquo;ing\u00e9nieur informaticien sp\u00e9cialiste des grands syst\u00e8mes d&rsquo;informations. Parall\u00e8lement et pour allier le mental au physique je suis entr\u00e9 dans la grande famille des triathl\u00e8tes (natation, v\u00e9lo, course \u00e0 pied).<\/p>\n<\/div><figure class=\"wp-block-media-text__media\"><img loading=\"lazy\" decoding=\"async\" width=\"960\" height=\"960\" src=\"http:\/\/www.unicoda.com\/wp-content\/uploads\/2012\/09\/13619927_10208501514167345_694551098475223892_n.jpg\" alt=\"\" class=\"wp-image-2914 size-full\" srcset=\"https:\/\/www.unicoda.com\/wp-content\/uploads\/2012\/09\/13619927_10208501514167345_694551098475223892_n.jpg 960w, https:\/\/www.unicoda.com\/wp-content\/uploads\/2012\/09\/13619927_10208501514167345_694551098475223892_n-150x150.jpg 150w, https:\/\/www.unicoda.com\/wp-content\/uploads\/2012\/09\/13619927_10208501514167345_694551098475223892_n-300x300.jpg 300w, https:\/\/www.unicoda.com\/wp-content\/uploads\/2012\/09\/13619927_10208501514167345_694551098475223892_n-768x768.jpg 768w\" sizes=\"auto, (max-width: 709px) 85vw, (max-width: 909px) 67vw, (max-width: 1362px) 62vw, 840px\" \/><\/figure><\/div>\n\n\n\n<h4 class=\"wp-block-heading\">Unicoda<\/h4>\n\n\n\n<p>Tout commence peu apr\u00e8s les Rencontres Mondiales du Logiciel Libre  2011 de Strasbourg, l&rsquo;id\u00e9e d&rsquo;avoir notre propre espace de publication fait son chemin. \u00c0 cela s&rsquo;ajoute le d\u00e9fi technique: nom de domaine,  configuration de serveur, mise en place d&rsquo;un outil de publication,  etc&#8230;&nbsp; En f\u00e9vrier 2012, le site se monte, nous choisissons d&rsquo;utiliser WordPress apr\u00e8s un rapide test de TikiWiki.<\/p>\n\n\n\n<p>Cet espace nous permet de partager des d\u00e9couvertes, des cr\u00e9ations, mais sert aussi par moment  de pense-b\u00eate lorsqu&rsquo;un probl\u00e8me ayant fait l&rsquo;objet d&rsquo;un article  resurgit.<\/p>\n\n\n\n<p class=\"has-text-align-right\"><em>Victor &amp; Mathieu<\/em><\/p>\n\n\n\n<p>Flux RSS: <a rel=\"noopener noreferrer\" href=\"http:\/\/www.unicoda.com\/?feed=rss2\" target=\"_blank\">www.unicoda.com\/?feed=rss2<\/a><\/p>\n","protected":false},"excerpt":{"rendered":"<p>Qui sommes-nous ? Victor Ing\u00e9nieur informaticien de formation et de m\u00e9tier, dipl\u00f4m\u00e9 de l&rsquo;Universit\u00e9 de Technologie de Belfort-Montb\u00e9liard (UTBM). J&rsquo;administre ce serveur et son domaine; et roule \u00e0 roller \u00e0 toutes heures du jour et de la nuit. Github: vvision Mathieu Passionn\u00e9 par la technologie, la technique et l&rsquo;art. Et par bien d&rsquo;autres choses. J&rsquo;ai &hellip; <a href=\"https:\/\/www.unicoda.com\/?page_id=312\" class=\"more-link\">Continuer la lecture<span class=\"screen-reader-text\"> de &laquo;&nbsp;\u00c0 propos&nbsp;&raquo;<\/span><\/a><\/p>\n","protected":false},"author":1,"featured_media":0,"parent":0,"menu_order":11,"comment_status":"open","ping_status":"closed","template":"","meta":{"footnotes":""},"class_list":["post-312","page","type-page","status-publish","hentry"],"_links":{"self":[{"href":"https:\/\/www.unicoda.com\/index.php?rest_route=\/wp\/v2\/pages\/312","targetHints":{"allow":["GET"]}}],"collection":[{"href":"https:\/\/www.unicoda.com\/index.php?rest_route=\/wp\/v2\/pages"}],"about":[{"href":"https:\/\/www.unicoda.com\/index.php?rest_route=\/wp\/v2\/types\/page"}],"author":[{"embeddable":true,"href":"https:\/\/www.unicoda.com\/index.php?rest_route=\/wp\/v2\/users\/1"}],"replies":[{"embeddable":true,"href":"https:\/\/www.unicoda.com\/index.php?rest_route=%2Fwp%2Fv2%2Fcomments&post=312"}],"version-history":[{"count":42,"href":"https:\/\/www.unicoda.com\/index.php?rest_route=\/wp\/v2\/pages\/312\/revisions"}],"predecessor-version":[{"id":4700,"href":"https:\/\/www.unicoda.com\/index.php?rest_route=\/wp\/v2\/pages\/312\/revisions\/4700"}],"wp:attachment":[{"href":"https:\/\/www.unicoda.com\/index.php?rest_route=%2Fwp%2Fv2%2Fmedia&parent=312"}],"curies":[{"name":"wp","href":"https:\/\/api.w.org\/{rel}","templated":true}]}}