{"id":3054,"date":"2018-04-10T19:27:44","date_gmt":"2018-04-10T17:27:44","guid":{"rendered":"http:\/\/www.unicoda.com\/?page_id=3054"},"modified":"2018-04-10T19:30:17","modified_gmt":"2018-04-10T17:30:17","slug":"deluge-de-lien","status":"publish","type":"page","link":"https:\/\/www.unicoda.com\/?page_id=3054","title":{"rendered":"D\u00e9luge de liens"},"content":{"rendered":"<p style=\"text-align: center;\">Cette partie est d\u00e9di\u00e9e au partage de ressources, vid\u00e9os, documentaires, sites et blogs qui ont retenu notre attention.<\/p>\n<p style=\"text-align: center;\">Cr\u00e9ons du lien \u00e0 coup de &lt;a&gt; !<\/p>\n","protected":false},"excerpt":{"rendered":"<p>Cette partie est d\u00e9di\u00e9e au partage de ressources, vid\u00e9os, documentaires, sites et blogs qui ont retenu notre attention. Cr\u00e9ons du lien \u00e0 coup de &lt;a&gt; !<\/p>\n","protected":false},"author":1,"featured_media":0,"parent":0,"menu_order":20,"comment_status":"closed","ping_status":"closed","template":"","meta":{"footnotes":""},"class_list":["post-3054","page","type-page","status-publish","hentry"],"_links":{"self":[{"href":"https:\/\/www.unicoda.com\/index.php?rest_route=\/wp\/v2\/pages\/3054","targetHints":{"allow":["GET"]}}],"collection":[{"href":"https:\/\/www.unicoda.com\/index.php?rest_route=\/wp\/v2\/pages"}],"about":[{"href":"https:\/\/www.unicoda.com\/index.php?rest_route=\/wp\/v2\/types\/page"}],"author":[{"embeddable":true,"href":"https:\/\/www.unicoda.com\/index.php?rest_route=\/wp\/v2\/users\/1"}],"replies":[{"embeddable":true,"href":"https:\/\/www.unicoda.com\/index.php?rest_route=%2Fwp%2Fv2%2Fcomments&post=3054"}],"version-history":[{"count":3,"href":"https:\/\/www.unicoda.com\/index.php?rest_route=\/wp\/v2\/pages\/3054\/revisions"}],"predecessor-version":[{"id":3060,"href":"https:\/\/www.unicoda.com\/index.php?rest_route=\/wp\/v2\/pages\/3054\/revisions\/3060"}],"wp:attachment":[{"href":"https:\/\/www.unicoda.com\/index.php?rest_route=%2Fwp%2Fv2%2Fmedia&parent=3054"}],"curies":[{"name":"wp","href":"https:\/\/api.w.org\/{rel}","templated":true}]}}