{"id":260,"date":"2012-09-08T18:48:32","date_gmt":"2012-09-08T17:48:32","guid":{"rendered":"http:\/\/www.unicoda.com\/?page_id=260"},"modified":"2017-10-03T13:33:39","modified_gmt":"2017-10-03T11:33:39","slug":"galerie","status":"publish","type":"page","link":"https:\/\/www.unicoda.com\/?page_id=260","title":{"rendered":"Galerie"},"content":{"rendered":"<p style=\"text-align: center;\"><strong><a href=\"https:\/\/photo.unicoda.com\" target=\"_blank\" rel=\"noopener\"><\/a><\/strong><\/p>\n<section>\n<h4>Capter l&rsquo;inattendu<\/h4>\n<p>Du compact au reflex, mon approche de la photographie a progressivement \u00e9volu\u00e9 vers la recherche du d\u00e9tail et de l&rsquo;originalit\u00e9. J&rsquo;ai regroup\u00e9 ici une s\u00e9lection personnelle de mes clich\u00e9s. En vous souhaitant une agr\u00e9able d\u00e9couverte.<\/p>\n<p style=\"text-align: right;\">Victor<\/p>\n<\/section>\n","protected":false},"excerpt":{"rendered":"<p>Capter l&rsquo;inattendu Du compact au reflex, mon approche de la photographie a progressivement \u00e9volu\u00e9 vers la recherche du d\u00e9tail et de l&rsquo;originalit\u00e9. J&rsquo;ai regroup\u00e9 ici une s\u00e9lection personnelle de mes clich\u00e9s. En vous souhaitant une agr\u00e9able d\u00e9couverte. Victor<\/p>\n","protected":false},"author":1,"featured_media":0,"parent":0,"menu_order":3,"comment_status":"open","ping_status":"open","template":"","meta":{"footnotes":""},"class_list":["post-260","page","type-page","status-publish","hentry"],"_links":{"self":[{"href":"https:\/\/www.unicoda.com\/index.php?rest_route=\/wp\/v2\/pages\/260","targetHints":{"allow":["GET"]}}],"collection":[{"href":"https:\/\/www.unicoda.com\/index.php?rest_route=\/wp\/v2\/pages"}],"about":[{"href":"https:\/\/www.unicoda.com\/index.php?rest_route=\/wp\/v2\/types\/page"}],"author":[{"embeddable":true,"href":"https:\/\/www.unicoda.com\/index.php?rest_route=\/wp\/v2\/users\/1"}],"replies":[{"embeddable":true,"href":"https:\/\/www.unicoda.com\/index.php?rest_route=%2Fwp%2Fv2%2Fcomments&post=260"}],"version-history":[{"count":25,"href":"https:\/\/www.unicoda.com\/index.php?rest_route=\/wp\/v2\/pages\/260\/revisions"}],"predecessor-version":[{"id":2779,"href":"https:\/\/www.unicoda.com\/index.php?rest_route=\/wp\/v2\/pages\/260\/revisions\/2779"}],"wp:attachment":[{"href":"https:\/\/www.unicoda.com\/index.php?rest_route=%2Fwp%2Fv2%2Fmedia&parent=260"}],"curies":[{"name":"wp","href":"https:\/\/api.w.org\/{rel}","templated":true}]}}